{"id":1326,"date":"2020-10-10T10:06:18","date_gmt":"2020-10-10T10:06:18","guid":{"rendered":"https:\/\/www.vocazone.ch\/uebersetzungen-branchen\/"},"modified":"2023-01-17T09:06:10","modified_gmt":"2023-01-17T09:06:10","slug":"secteurs-activite","status":"publish","type":"page","link":"https:\/\/www.vocazone.ch\/fr\/secteurs-activite\/","title":{"rendered":"Secteurs d&rsquo;activit\u00e9"},"content":{"rendered":"","protected":false},"excerpt":{"rendered":"","protected":false},"author":1,"featured_media":0,"parent":0,"menu_order":0,"comment_status":"closed","ping_status":"closed","template":"template\/template-Industry-sectors.php","meta":{"_acf_changed":false,"inline_featured_image":false,"footnotes":""},"class_list":["post-1326","page","type-page","status-publish","hentry"],"acf":[],"yoast_head":"<!-- This site is optimized with the Yoast SEO plugin v25.9 - https:\/\/yoast.com\/wordpress\/plugins\/seo\/ -->\n<title>Traduction professionnelle pour votre domaine d&#039;expertise - VocaZone<\/title>\n<meta name=\"description\" content=\"Nous cr\u00e9ons des solutions uniques et cr\u00e9atives sur mesure pour votre domaine technique : de l&#039;automobile au tourisme ou \u00e0 l&#039;assurance.\" \/>\n<meta name=\"robots\" content=\"index, follow, max-snippet:-1, max-image-preview:large, max-video-preview:-1\" \/>\n<link rel=\"canonical\" href=\"https:\/\/www.vocazone.ch\/fr\/secteurs-activite\/\" \/>\n<meta property=\"og:locale\" content=\"fr_FR\" \/>\n<meta property=\"og:type\" content=\"article\" \/>\n<meta property=\"og:title\" content=\"Traduction professionnelle pour votre domaine d&#039;expertise - VocaZone\" \/>\n<meta property=\"og:description\" content=\"Nous cr\u00e9ons des solutions uniques et cr\u00e9atives sur mesure pour votre domaine technique : de l&#039;automobile au tourisme ou \u00e0 l&#039;assurance.\" \/>\n<meta property=\"og:url\" content=\"https:\/\/www.vocazone.ch\/fr\/secteurs-activite\/\" \/>\n<meta property=\"og:site_name\" content=\"VocaZone\" \/>\n<meta property=\"article:modified_time\" content=\"2023-01-17T09:06:10+00:00\" \/>\n<meta name=\"twitter:card\" content=\"summary_large_image\" \/>\n<script type=\"application\/ld+json\" class=\"yoast-schema-graph\">{\"@context\":\"https:\/\/schema.org\",\"@graph\":[{\"@type\":\"WebPage\",\"@id\":\"https:\/\/www.vocazone.ch\/fr\/secteurs-activite\/\",\"url\":\"https:\/\/www.vocazone.ch\/fr\/secteurs-activite\/\",\"name\":\"Traduction professionnelle pour votre domaine d'expertise - VocaZone\",\"isPartOf\":{\"@id\":\"https:\/\/www.vocazone.ch\/fr\/#website\"},\"datePublished\":\"2020-10-10T10:06:18+00:00\",\"dateModified\":\"2023-01-17T09:06:10+00:00\",\"description\":\"Nous cr\u00e9ons des solutions uniques et cr\u00e9atives sur mesure pour votre domaine technique : de l'automobile au tourisme ou \u00e0 l'assurance.\",\"breadcrumb\":{\"@id\":\"https:\/\/www.vocazone.ch\/fr\/secteurs-activite\/#breadcrumb\"},\"inLanguage\":\"fr-FR\",\"potentialAction\":[{\"@type\":\"ReadAction\",\"target\":[\"https:\/\/www.vocazone.ch\/fr\/secteurs-activite\/\"]}]},{\"@type\":\"BreadcrumbList\",\"@id\":\"https:\/\/www.vocazone.ch\/fr\/secteurs-activite\/#breadcrumb\",\"itemListElement\":[{\"@type\":\"ListItem\",\"position\":1,\"name\":\"Home\",\"item\":\"https:\/\/www.vocazone.ch\/fr\/\"},{\"@type\":\"ListItem\",\"position\":2,\"name\":\"Secteurs d&#8217;activit\u00e9\"}]},{\"@type\":\"WebSite\",\"@id\":\"https:\/\/www.vocazone.ch\/fr\/#website\",\"url\":\"https:\/\/www.vocazone.ch\/fr\/\",\"name\":\"VocaZone\",\"description\":\"\",\"potentialAction\":[{\"@type\":\"SearchAction\",\"target\":{\"@type\":\"EntryPoint\",\"urlTemplate\":\"https:\/\/www.vocazone.ch\/fr\/?s={search_term_string}\"},\"query-input\":{\"@type\":\"PropertyValueSpecification\",\"valueRequired\":true,\"valueName\":\"search_term_string\"}}],\"inLanguage\":\"fr-FR\"}]}<\/script>\n<!-- \/ Yoast SEO plugin. -->","yoast_head_json":{"title":"Traduction professionnelle pour votre domaine d'expertise - VocaZone","description":"Nous cr\u00e9ons des solutions uniques et cr\u00e9atives sur mesure pour votre domaine technique : de l'automobile au tourisme ou \u00e0 l'assurance.","robots":{"index":"index","follow":"follow","max-snippet":"max-snippet:-1","max-image-preview":"max-image-preview:large","max-video-preview":"max-video-preview:-1"},"canonical":"https:\/\/www.vocazone.ch\/fr\/secteurs-activite\/","og_locale":"fr_FR","og_type":"article","og_title":"Traduction professionnelle pour votre domaine d'expertise - VocaZone","og_description":"Nous cr\u00e9ons des solutions uniques et cr\u00e9atives sur mesure pour votre domaine technique : de l'automobile au tourisme ou \u00e0 l'assurance.","og_url":"https:\/\/www.vocazone.ch\/fr\/secteurs-activite\/","og_site_name":"VocaZone","article_modified_time":"2023-01-17T09:06:10+00:00","twitter_card":"summary_large_image","schema":{"@context":"https:\/\/schema.org","@graph":[{"@type":"WebPage","@id":"https:\/\/www.vocazone.ch\/fr\/secteurs-activite\/","url":"https:\/\/www.vocazone.ch\/fr\/secteurs-activite\/","name":"Traduction professionnelle pour votre domaine d'expertise - VocaZone","isPartOf":{"@id":"https:\/\/www.vocazone.ch\/fr\/#website"},"datePublished":"2020-10-10T10:06:18+00:00","dateModified":"2023-01-17T09:06:10+00:00","description":"Nous cr\u00e9ons des solutions uniques et cr\u00e9atives sur mesure pour votre domaine technique : de l'automobile au tourisme ou \u00e0 l'assurance.","breadcrumb":{"@id":"https:\/\/www.vocazone.ch\/fr\/secteurs-activite\/#breadcrumb"},"inLanguage":"fr-FR","potentialAction":[{"@type":"ReadAction","target":["https:\/\/www.vocazone.ch\/fr\/secteurs-activite\/"]}]},{"@type":"BreadcrumbList","@id":"https:\/\/www.vocazone.ch\/fr\/secteurs-activite\/#breadcrumb","itemListElement":[{"@type":"ListItem","position":1,"name":"Home","item":"https:\/\/www.vocazone.ch\/fr\/"},{"@type":"ListItem","position":2,"name":"Secteurs d&#8217;activit\u00e9"}]},{"@type":"WebSite","@id":"https:\/\/www.vocazone.ch\/fr\/#website","url":"https:\/\/www.vocazone.ch\/fr\/","name":"VocaZone","description":"","potentialAction":[{"@type":"SearchAction","target":{"@type":"EntryPoint","urlTemplate":"https:\/\/www.vocazone.ch\/fr\/?s={search_term_string}"},"query-input":{"@type":"PropertyValueSpecification","valueRequired":true,"valueName":"search_term_string"}}],"inLanguage":"fr-FR"}]}},"_links":{"self":[{"href":"https:\/\/www.vocazone.ch\/fr\/wp-json\/wp\/v2\/pages\/1326","targetHints":{"allow":["GET"]}}],"collection":[{"href":"https:\/\/www.vocazone.ch\/fr\/wp-json\/wp\/v2\/pages"}],"about":[{"href":"https:\/\/www.vocazone.ch\/fr\/wp-json\/wp\/v2\/types\/page"}],"author":[{"embeddable":true,"href":"https:\/\/www.vocazone.ch\/fr\/wp-json\/wp\/v2\/users\/1"}],"replies":[{"embeddable":true,"href":"https:\/\/www.vocazone.ch\/fr\/wp-json\/wp\/v2\/comments?post=1326"}],"version-history":[{"count":0,"href":"https:\/\/www.vocazone.ch\/fr\/wp-json\/wp\/v2\/pages\/1326\/revisions"}],"wp:attachment":[{"href":"https:\/\/www.vocazone.ch\/fr\/wp-json\/wp\/v2\/media?parent=1326"}],"curies":[{"name":"wp","href":"https:\/\/api.w.org\/{rel}","templated":true}]}}