{"id":1265,"date":"2020-11-07T20:32:11","date_gmt":"2020-11-07T20:32:11","guid":{"rendered":"https:\/\/www.vocazone.ch\/impressum\/"},"modified":"2021-01-28T17:28:37","modified_gmt":"2021-01-28T17:28:37","slug":"colophon","status":"publish","type":"page","link":"https:\/\/www.vocazone.ch\/it\/colophon\/","title":{"rendered":"Colophon"},"content":{"rendered":"\n<p>VOCAZONE \u00e8 un\u2019agenzia di traduzione svizzera, con sede nella bellissima citt\u00e0 Aarau, nel Canton Argovia. Il fornitore di servizi linguistici \u00e8 stato fondato nel 2017. Grazie ai sistemi Workflow online pi\u00f9 moderni, l\u2019agenzia si \u00e8 affermata come uno dei fornitori di servizi linguistici pi\u00f9 innovativi della Svizzera. Da noi lavorano a stretto contatto traduttori in house, esperti di settore, esperti di lingue, project manager, account manager e online manager, consentendo a VOCAZONE di offrire numerosi servizi su misura per il cliente. Le lingue e la qualit\u00e0 dei testi sono parte delle nostre competenze chiave. Ci occupiamo di tutti i tipi di richieste di traduzioni, dando un tocco creativo e personale per garantire l\u2019unicit\u00e0 dei vostri testi e la soddisfazione dei vostri clienti. Oltre alla scrittura e alla traduzione di testi e documenti in 36 lingue, ci occupiamo anche della rifinitura finale. Ci prendiamo in carico correzioni e lettorati, cos\u00ec come layout e trascrizioni fatti su misura per il vostro settore. Dalla traduzione e correzione, fino alla creazione del testo, vi offriamo tutto il supporto per i vostri progetti.<\/p>\n\n\n\n<p>Dettagli di contatto:<\/p>\n\n\n\n<p>VocaZone<br>by nadlo GmbH<br>Rohrerstrasse 93<br>5000 Aarau<\/p>\n\n\n\n<p><a href=\"mailto:angebot@vocazone.ch\">angebot@vocazone.ch<\/a><br><a href=\"https:\/\/www.nadlo.ch\">www.vocazone.ch<\/a><\/p>\n","protected":false},"excerpt":{"rendered":"<p>VOCAZONE \u00e8 un\u2019agenzia di traduzione svizzera, con sede nella bellissima citt\u00e0 Aarau, nel Canton Argovia. Il fornitore di servizi linguistici \u00e8 stato fondato nel 2017. Grazie ai sistemi Workflow online pi\u00f9 moderni, l\u2019agenzia si \u00e8 affermata come uno dei fornitori di servizi linguistici pi\u00f9 innovativi della Svizzera. Da noi lavorano a stretto contatto traduttori in [&hellip;]<\/p>\n","protected":false},"author":1,"featured_media":0,"parent":0,"menu_order":0,"comment_status":"closed","ping_status":"closed","template":"","meta":{"_acf_changed":false,"inline_featured_image":false,"footnotes":""},"class_list":["post-1265","page","type-page","status-publish","hentry"],"acf":[],"yoast_head":"<!-- This site is optimized with the Yoast SEO plugin v25.9 - https:\/\/yoast.com\/wordpress\/plugins\/seo\/ -->\n<title>Colophon e contatti della nostra azienda - VocaZone<\/title>\n<meta name=\"description\" content=\"VocaZone \u00e8 un&#039;agenzia di traduzioni svizzera ad Aarau - cantone di Argovia. Questo studio di servizi linguistici \u00e8 stato fondato nel 2017.\" \/>\n<meta name=\"robots\" content=\"index, follow, max-snippet:-1, max-image-preview:large, max-video-preview:-1\" \/>\n<link rel=\"canonical\" href=\"https:\/\/www.vocazone.ch\/it\/colophon\/\" \/>\n<meta property=\"og:locale\" content=\"it_IT\" \/>\n<meta property=\"og:type\" content=\"article\" \/>\n<meta property=\"og:title\" content=\"Colophon e contatti della nostra azienda - VocaZone\" \/>\n<meta property=\"og:description\" content=\"VocaZone \u00e8 un&#039;agenzia di traduzioni svizzera ad Aarau - cantone di Argovia. Questo studio di servizi linguistici \u00e8 stato fondato nel 2017.\" \/>\n<meta property=\"og:url\" content=\"https:\/\/www.vocazone.ch\/it\/colophon\/\" \/>\n<meta property=\"og:site_name\" content=\"VocaZone\" \/>\n<meta property=\"article:modified_time\" content=\"2021-01-28T17:28:37+00:00\" \/>\n<meta name=\"twitter:card\" content=\"summary_large_image\" \/>\n<meta name=\"twitter:label1\" content=\"Tempo di lettura stimato\" \/>\n\t<meta name=\"twitter:data1\" content=\"1 minuto\" \/>\n<script type=\"application\/ld+json\" class=\"yoast-schema-graph\">{\"@context\":\"https:\/\/schema.org\",\"@graph\":[{\"@type\":\"WebPage\",\"@id\":\"https:\/\/www.vocazone.ch\/it\/colophon\/\",\"url\":\"https:\/\/www.vocazone.ch\/it\/colophon\/\",\"name\":\"Colophon e contatti della nostra azienda - VocaZone\",\"isPartOf\":{\"@id\":\"https:\/\/www.vocazone.ch\/it\/#website\"},\"datePublished\":\"2020-11-07T20:32:11+00:00\",\"dateModified\":\"2021-01-28T17:28:37+00:00\",\"description\":\"VocaZone \u00e8 un'agenzia di traduzioni svizzera ad Aarau - cantone di Argovia. Questo studio di servizi linguistici \u00e8 stato fondato nel 2017.\",\"breadcrumb\":{\"@id\":\"https:\/\/www.vocazone.ch\/it\/colophon\/#breadcrumb\"},\"inLanguage\":\"it-IT\",\"potentialAction\":[{\"@type\":\"ReadAction\",\"target\":[\"https:\/\/www.vocazone.ch\/it\/colophon\/\"]}]},{\"@type\":\"BreadcrumbList\",\"@id\":\"https:\/\/www.vocazone.ch\/it\/colophon\/#breadcrumb\",\"itemListElement\":[{\"@type\":\"ListItem\",\"position\":1,\"name\":\"Home\",\"item\":\"https:\/\/www.vocazone.ch\/it\/\"},{\"@type\":\"ListItem\",\"position\":2,\"name\":\"Colophon\"}]},{\"@type\":\"WebSite\",\"@id\":\"https:\/\/www.vocazone.ch\/it\/#website\",\"url\":\"https:\/\/www.vocazone.ch\/it\/\",\"name\":\"VocaZone\",\"description\":\"\",\"potentialAction\":[{\"@type\":\"SearchAction\",\"target\":{\"@type\":\"EntryPoint\",\"urlTemplate\":\"https:\/\/www.vocazone.ch\/it\/?s={search_term_string}\"},\"query-input\":{\"@type\":\"PropertyValueSpecification\",\"valueRequired\":true,\"valueName\":\"search_term_string\"}}],\"inLanguage\":\"it-IT\"}]}<\/script>\n<!-- \/ Yoast SEO plugin. -->","yoast_head_json":{"title":"Colophon e contatti della nostra azienda - VocaZone","description":"VocaZone \u00e8 un'agenzia di traduzioni svizzera ad Aarau - cantone di Argovia. Questo studio di servizi linguistici \u00e8 stato fondato nel 2017.","robots":{"index":"index","follow":"follow","max-snippet":"max-snippet:-1","max-image-preview":"max-image-preview:large","max-video-preview":"max-video-preview:-1"},"canonical":"https:\/\/www.vocazone.ch\/it\/colophon\/","og_locale":"it_IT","og_type":"article","og_title":"Colophon e contatti della nostra azienda - VocaZone","og_description":"VocaZone \u00e8 un'agenzia di traduzioni svizzera ad Aarau - cantone di Argovia. Questo studio di servizi linguistici \u00e8 stato fondato nel 2017.","og_url":"https:\/\/www.vocazone.ch\/it\/colophon\/","og_site_name":"VocaZone","article_modified_time":"2021-01-28T17:28:37+00:00","twitter_card":"summary_large_image","twitter_misc":{"Tempo di lettura stimato":"1 minuto"},"schema":{"@context":"https:\/\/schema.org","@graph":[{"@type":"WebPage","@id":"https:\/\/www.vocazone.ch\/it\/colophon\/","url":"https:\/\/www.vocazone.ch\/it\/colophon\/","name":"Colophon e contatti della nostra azienda - VocaZone","isPartOf":{"@id":"https:\/\/www.vocazone.ch\/it\/#website"},"datePublished":"2020-11-07T20:32:11+00:00","dateModified":"2021-01-28T17:28:37+00:00","description":"VocaZone \u00e8 un'agenzia di traduzioni svizzera ad Aarau - cantone di Argovia. Questo studio di servizi linguistici \u00e8 stato fondato nel 2017.","breadcrumb":{"@id":"https:\/\/www.vocazone.ch\/it\/colophon\/#breadcrumb"},"inLanguage":"it-IT","potentialAction":[{"@type":"ReadAction","target":["https:\/\/www.vocazone.ch\/it\/colophon\/"]}]},{"@type":"BreadcrumbList","@id":"https:\/\/www.vocazone.ch\/it\/colophon\/#breadcrumb","itemListElement":[{"@type":"ListItem","position":1,"name":"Home","item":"https:\/\/www.vocazone.ch\/it\/"},{"@type":"ListItem","position":2,"name":"Colophon"}]},{"@type":"WebSite","@id":"https:\/\/www.vocazone.ch\/it\/#website","url":"https:\/\/www.vocazone.ch\/it\/","name":"VocaZone","description":"","potentialAction":[{"@type":"SearchAction","target":{"@type":"EntryPoint","urlTemplate":"https:\/\/www.vocazone.ch\/it\/?s={search_term_string}"},"query-input":{"@type":"PropertyValueSpecification","valueRequired":true,"valueName":"search_term_string"}}],"inLanguage":"it-IT"}]}},"_links":{"self":[{"href":"https:\/\/www.vocazone.ch\/it\/wp-json\/wp\/v2\/pages\/1265","targetHints":{"allow":["GET"]}}],"collection":[{"href":"https:\/\/www.vocazone.ch\/it\/wp-json\/wp\/v2\/pages"}],"about":[{"href":"https:\/\/www.vocazone.ch\/it\/wp-json\/wp\/v2\/types\/page"}],"author":[{"embeddable":true,"href":"https:\/\/www.vocazone.ch\/it\/wp-json\/wp\/v2\/users\/1"}],"replies":[{"embeddable":true,"href":"https:\/\/www.vocazone.ch\/it\/wp-json\/wp\/v2\/comments?post=1265"}],"version-history":[{"count":0,"href":"https:\/\/www.vocazone.ch\/it\/wp-json\/wp\/v2\/pages\/1265\/revisions"}],"wp:attachment":[{"href":"https:\/\/www.vocazone.ch\/it\/wp-json\/wp\/v2\/media?parent=1265"}],"curies":[{"name":"wp","href":"https:\/\/api.w.org\/{rel}","templated":true}]}}