{"id":2841,"date":"2023-01-10T14:39:00","date_gmt":"2023-01-10T14:39:00","guid":{"rendered":"https:\/\/www.vocazone.ch\/?page_id=2841"},"modified":"2023-01-19T17:12:26","modified_gmt":"2023-01-19T17:12:26","slug":"glossario","status":"publish","type":"page","link":"https:\/\/www.vocazone.ch\/it\/glossario\/","title":{"rendered":"Glossario"},"content":{"rendered":"\n<div id=\"eg-uid\" class=\"wp-block-eggb-block-glossary is-style-default eg-glossary\"><div class=\"eg-glossary__header\"><div class=\"eg-search\"><input data-role=\"eg-search-input\" placeholder=\"Inserire la parola\"\/><a class=\"eg-search-button\" data-role=\"eg-search-button\" style=\"color:#fff;background-color:#e9b93e\">Ricerca<\/a><\/div><div class=\"eg-nav\"><a href=\"#all\" class=\"eggb_active_nav\" data-role=\"eg-nav-selectable\" style=\"color:#fff;background-color:#e9b93e\" data-name=\"all\"><\/a><a href=\"#A\" data-name=\"A\" data-role=\"eg-nav-selectable\" class=\"\">A<\/a><a href=\"#C\" data-name=\"C\" data-role=\"eg-nav-selectable\" class=\"\">C<\/a><a href=\"#D\" data-name=\"D\" data-role=\"eg-nav-selectable\" class=\"\">D<\/a><a href=\"#F\" data-name=\"F\" data-role=\"eg-nav-selectable\" class=\"\">F<\/a><a href=\"#L\" data-name=\"L\" data-role=\"eg-nav-selectable\" class=\"\">L<\/a><a href=\"#M\" data-name=\"M\" data-role=\"eg-nav-selectable\" class=\"\">M<\/a><a href=\"#N\" data-name=\"N\" data-role=\"eg-nav-selectable\" class=\"\">N<\/a><a href=\"#R\" data-name=\"R\" data-role=\"eg-nav-selectable\" class=\"\">R<\/a><a href=\"#S\" data-name=\"S\" data-role=\"eg-nav-selectable\" class=\"\">S<\/a><a href=\"#T\" data-name=\"T\" data-role=\"eg-nav-selectable\" class=\"\">T<\/a><\/div><\/div><div class=\"eg-content\"><div class=\"eg-letter-section\" data-role=\"eg-section\"><span class=\"eg-content__letter\" data-role=\"eg-section-letter\">A<\/span><dl class=\"eg-item\" data-role=\"eg-item\"><dt class=\"eg-item-title\" data-role=\"eg-item-title\">Apostille<\/dt><dd class=\"eg-item-description\" data-role=\"eg-item-description\">Sulle traduzioni autenticate pu\u00f2 essere anche apposta un\u2019apostille. L\u2019apostille semplifica la burocrazia tra gli Stati membri della Convenzione dell\u2019Aja. Attualmente sono 91 i paesi aderenti, tra cui Svizzera, Germania, Stati Uniti, Sudafrica, Messico e Australia.\u00a0<\/dd><\/dl><\/div><div class=\"eg-letter-section\" data-role=\"eg-section\"><span class=\"eg-content__letter\" data-role=\"eg-section-letter\">C<\/span><dl class=\"eg-item\" data-role=\"eg-item\"><dt class=\"eg-item-title\" data-role=\"eg-item-title\">Correzione<\/dt><dd class=\"eg-item-description\" data-role=\"eg-item-description\">La correzione assicura che grammatica, ortografia e punteggiatura del testo siano corrette.<\/dd><\/dl><\/div><div class=\"eg-letter-section\" data-role=\"eg-section\"><span class=\"eg-content__letter\" data-role=\"eg-section-letter\">D<\/span><dl class=\"eg-item\" data-role=\"eg-item\"><dt class=\"eg-item-title\" data-role=\"eg-item-title\">Documento originale<\/dt><dd class=\"eg-item-description\" data-role=\"eg-item-description\">Il documento originale \u00e8 il documento di partenza che deve essere tradotto in un\u2019altra lingua.\u00a0<\/dd><\/dl><\/div><div class=\"eg-letter-section\" data-role=\"eg-section\"><span class=\"eg-content__letter\" data-role=\"eg-section-letter\">F<\/span><dl class=\"eg-item\" data-role=\"eg-item\"><dt class=\"eg-item-title\" data-role=\"eg-item-title\">Formato di destinazione<\/dt><dd class=\"eg-item-description\" data-role=\"eg-item-description\">Il formato di destinazione \u00e8 il formato in cui deve essere consegnato il testo tradotto finale, per esempio un documento Word.\u00a0<\/dd><\/dl><\/div><div class=\"eg-letter-section\" data-role=\"eg-section\"><span class=\"eg-content__letter\" data-role=\"eg-section-letter\">L<\/span><dl class=\"eg-item\" data-role=\"eg-item\"><dt class=\"eg-item-title\" data-role=\"eg-item-title\">Lingua di arrivo<\/dt><dd class=\"eg-item-description\" data-role=\"eg-item-description\">La lingua di arrivo \u00e8 la lingua nella quale deve essere tradotto un testo. Se per esempio si deve tradurre un certificato dal tedesco al francese, il francese \u00e8 la lingua di arrivo.\u00a0<\/dd><\/dl><dl class=\"eg-item\" data-role=\"eg-item\"><dt class=\"eg-item-title\" data-role=\"eg-item-title\">Lingua di partenza<\/dt><dd class=\"eg-item-description\" data-role=\"eg-item-description\">La lingua del testo di partenza \u00e8 detta lingua di partenza.<\/dd><\/dl><\/div><div class=\"eg-letter-section\" data-role=\"eg-section\"><span class=\"eg-content__letter\" data-role=\"eg-section-letter\">M<\/span><dl class=\"eg-item\" data-role=\"eg-item\"><dt class=\"eg-item-title\" data-role=\"eg-item-title\">Madrelingua<\/dt><dd class=\"eg-item-description\" data-role=\"eg-item-description\">I madrelingua sono persone che padroneggiano una o pi\u00f9 lingue a livello di lingua madre, poich\u00e9 di norma sono cresciuti con tale lingua. La lingua madre \u00e8 la prima lingua appresa e quella principalmente usata.\u00a0<\/dd><\/dl><\/div><div class=\"eg-letter-section\" data-role=\"eg-section\"><span class=\"eg-content__letter\" data-role=\"eg-section-letter\">N<\/span><dl class=\"eg-item\" data-role=\"eg-item\"><dt class=\"eg-item-title\" data-role=\"eg-item-title\">Numero di parole<\/dt><dd class=\"eg-item-description\" data-role=\"eg-item-description\">Il numero di parole si riferisce al numero di parole contenuto in un documento. Il numero di parole \u00e8 uno dei quattro fattori utilizzati per il calcolo del prezzo.\u00a0\u00a0<\/dd><\/dl><\/div><div class=\"eg-letter-section\" data-role=\"eg-section\"><span class=\"eg-content__letter\" data-role=\"eg-section-letter\">R<\/span><dl class=\"eg-item\" data-role=\"eg-item\"><dt class=\"eg-item-title\" data-role=\"eg-item-title\">Revisione<\/dt><dd class=\"eg-item-description\" data-role=\"eg-item-description\">La revisione esamina con attenzione logica, coerenza, stile e contenuto. L\u2019esperto linguistico verifica se il testo \u00e8 logico e comprensibile, se segue uno stile uniforme ed \u00e8 piacevole da leggere. A tal fine l\u2019attenzione \u00e8 posta su gruppo di destinazione, tipo di testo e canale di diffusione.<\/dd><\/dl><\/div><div class=\"eg-letter-section\" data-role=\"eg-section\"><span class=\"eg-content__letter\" data-role=\"eg-section-letter\">S<\/span><dl class=\"eg-item\" data-role=\"eg-item\"><dt class=\"eg-item-title\" data-role=\"eg-item-title\">Standard ISO 17100<\/dt><dd class=\"eg-item-description\" data-role=\"eg-item-description\">Lo standard ISO 17100 specifica i requisiti validi in tutto il mondo per i fornitori di servizi linguistici. Se tali requisiti sono soddisfatti, l\u2019agenzia di traduzione viene certificata secondo lo standard a riprova dell\u2019elevata qualit\u00e0 dei servizi di traduzione offerti. Lo standard ISO 17100 garantisce un elevato livello di qualit\u00e0 delle traduzioni sulla base di standard trasparenti.<\/dd><\/dl><\/div><div class=\"eg-letter-section\" data-role=\"eg-section\"><span class=\"eg-content__letter\" data-role=\"eg-section-letter\">T<\/span><dl class=\"eg-item\" data-role=\"eg-item\"><dt class=\"eg-item-title\" data-role=\"eg-item-title\">Testo di partenza<\/dt><dd class=\"eg-item-description\" data-role=\"eg-item-description\">Il documento originale da tradurre \u00e8 il testo di partenza.<\/dd><\/dl><dl class=\"eg-item\" data-role=\"eg-item\"><dt class=\"eg-item-title\" data-role=\"eg-item-title\">Traduttore specializzato<\/dt><dd class=\"eg-item-description\" data-role=\"eg-item-description\">I traduttori specializzati sono traduttori esperti in specifici settori, di cui conoscono la terminologia tecnica.<\/dd><\/dl><dl class=\"eg-item\" data-role=\"eg-item\"><dt class=\"eg-item-title\" data-role=\"eg-item-title\">Traduzione autenticata<\/dt><dd class=\"eg-item-description\" data-role=\"eg-item-description\">Se un documento deve essere riconosciuto legalmente, ad\u00a0esempio per essere presentato a un tribunale o un\u2019autorit\u00e0 pubblica, la traduzione deve essere autenticata. La\u00a0<a href=\"https:\/\/www.vocazone.ch\/it\/servizio-traduzioni\/\">traduzione autenticata<\/a>\u00a0conferma che il documento \u00e8 stato tradotto in maniera completa e corretta.<\/dd><\/dl><dl class=\"eg-item\" data-role=\"eg-item\"><dt class=\"eg-item-title\" data-role=\"eg-item-title\">Traduzione specialistica<\/dt><dd class=\"eg-item-description\" data-role=\"eg-item-description\">Le traduzioni specialistiche sono traduzioni in settori tecnici specifici. Poich\u00e9 tali testi riguardano contenuti settoriali, \u00e8 fondamentale utilizzare correttamente la terminologia tecnica e il linguaggio specialistico.<\/dd><\/dl><\/div><\/div><\/div>\n","protected":false},"excerpt":{"rendered":"","protected":false},"author":1,"featured_media":0,"parent":0,"menu_order":0,"comment_status":"closed","ping_status":"closed","template":"","meta":{"_acf_changed":false,"inline_featured_image":false,"footnotes":""},"class_list":["post-2841","page","type-page","status-publish","hentry"],"acf":[],"yoast_head":"<!-- This site is optimized with the Yoast SEO plugin v25.9 - https:\/\/yoast.com\/wordpress\/plugins\/seo\/ -->\n<title>Glossario - VocaZone<\/title>\n<meta name=\"robots\" content=\"index, follow, max-snippet:-1, max-image-preview:large, max-video-preview:-1\" \/>\n<link rel=\"canonical\" href=\"https:\/\/www.vocazone.ch\/it\/glossario\/\" \/>\n<meta property=\"og:locale\" content=\"it_IT\" \/>\n<meta property=\"og:type\" content=\"article\" \/>\n<meta property=\"og:title\" content=\"Glossario - VocaZone\" \/>\n<meta property=\"og:url\" content=\"https:\/\/www.vocazone.ch\/it\/glossario\/\" \/>\n<meta property=\"og:site_name\" content=\"VocaZone\" \/>\n<meta property=\"article:modified_time\" content=\"2023-01-19T17:12:26+00:00\" \/>\n<meta name=\"twitter:card\" content=\"summary_large_image\" \/>\n<meta name=\"twitter:label1\" content=\"Tempo di lettura stimato\" \/>\n\t<meta name=\"twitter:data1\" content=\"2 minuti\" \/>\n<script type=\"application\/ld+json\" class=\"yoast-schema-graph\">{\"@context\":\"https:\/\/schema.org\",\"@graph\":[{\"@type\":\"WebPage\",\"@id\":\"https:\/\/www.vocazone.ch\/it\/glossario\/\",\"url\":\"https:\/\/www.vocazone.ch\/it\/glossario\/\",\"name\":\"Glossario - VocaZone\",\"isPartOf\":{\"@id\":\"https:\/\/www.vocazone.ch\/it\/#website\"},\"datePublished\":\"2023-01-10T14:39:00+00:00\",\"dateModified\":\"2023-01-19T17:12:26+00:00\",\"breadcrumb\":{\"@id\":\"https:\/\/www.vocazone.ch\/it\/glossario\/#breadcrumb\"},\"inLanguage\":\"it-IT\",\"potentialAction\":[{\"@type\":\"ReadAction\",\"target\":[\"https:\/\/www.vocazone.ch\/it\/glossario\/\"]}]},{\"@type\":\"BreadcrumbList\",\"@id\":\"https:\/\/www.vocazone.ch\/it\/glossario\/#breadcrumb\",\"itemListElement\":[{\"@type\":\"ListItem\",\"position\":1,\"name\":\"Home\",\"item\":\"https:\/\/www.vocazone.ch\/it\/\"},{\"@type\":\"ListItem\",\"position\":2,\"name\":\"Glossario\"}]},{\"@type\":\"WebSite\",\"@id\":\"https:\/\/www.vocazone.ch\/it\/#website\",\"url\":\"https:\/\/www.vocazone.ch\/it\/\",\"name\":\"VocaZone\",\"description\":\"\",\"potentialAction\":[{\"@type\":\"SearchAction\",\"target\":{\"@type\":\"EntryPoint\",\"urlTemplate\":\"https:\/\/www.vocazone.ch\/it\/?s={search_term_string}\"},\"query-input\":{\"@type\":\"PropertyValueSpecification\",\"valueRequired\":true,\"valueName\":\"search_term_string\"}}],\"inLanguage\":\"it-IT\"}]}<\/script>\n<!-- \/ Yoast SEO plugin. -->","yoast_head_json":{"title":"Glossario - VocaZone","robots":{"index":"index","follow":"follow","max-snippet":"max-snippet:-1","max-image-preview":"max-image-preview:large","max-video-preview":"max-video-preview:-1"},"canonical":"https:\/\/www.vocazone.ch\/it\/glossario\/","og_locale":"it_IT","og_type":"article","og_title":"Glossario - VocaZone","og_url":"https:\/\/www.vocazone.ch\/it\/glossario\/","og_site_name":"VocaZone","article_modified_time":"2023-01-19T17:12:26+00:00","twitter_card":"summary_large_image","twitter_misc":{"Tempo di lettura stimato":"2 minuti"},"schema":{"@context":"https:\/\/schema.org","@graph":[{"@type":"WebPage","@id":"https:\/\/www.vocazone.ch\/it\/glossario\/","url":"https:\/\/www.vocazone.ch\/it\/glossario\/","name":"Glossario - VocaZone","isPartOf":{"@id":"https:\/\/www.vocazone.ch\/it\/#website"},"datePublished":"2023-01-10T14:39:00+00:00","dateModified":"2023-01-19T17:12:26+00:00","breadcrumb":{"@id":"https:\/\/www.vocazone.ch\/it\/glossario\/#breadcrumb"},"inLanguage":"it-IT","potentialAction":[{"@type":"ReadAction","target":["https:\/\/www.vocazone.ch\/it\/glossario\/"]}]},{"@type":"BreadcrumbList","@id":"https:\/\/www.vocazone.ch\/it\/glossario\/#breadcrumb","itemListElement":[{"@type":"ListItem","position":1,"name":"Home","item":"https:\/\/www.vocazone.ch\/it\/"},{"@type":"ListItem","position":2,"name":"Glossario"}]},{"@type":"WebSite","@id":"https:\/\/www.vocazone.ch\/it\/#website","url":"https:\/\/www.vocazone.ch\/it\/","name":"VocaZone","description":"","potentialAction":[{"@type":"SearchAction","target":{"@type":"EntryPoint","urlTemplate":"https:\/\/www.vocazone.ch\/it\/?s={search_term_string}"},"query-input":{"@type":"PropertyValueSpecification","valueRequired":true,"valueName":"search_term_string"}}],"inLanguage":"it-IT"}]}},"_links":{"self":[{"href":"https:\/\/www.vocazone.ch\/it\/wp-json\/wp\/v2\/pages\/2841","targetHints":{"allow":["GET"]}}],"collection":[{"href":"https:\/\/www.vocazone.ch\/it\/wp-json\/wp\/v2\/pages"}],"about":[{"href":"https:\/\/www.vocazone.ch\/it\/wp-json\/wp\/v2\/types\/page"}],"author":[{"embeddable":true,"href":"https:\/\/www.vocazone.ch\/it\/wp-json\/wp\/v2\/users\/1"}],"replies":[{"embeddable":true,"href":"https:\/\/www.vocazone.ch\/it\/wp-json\/wp\/v2\/comments?post=2841"}],"version-history":[{"count":0,"href":"https:\/\/www.vocazone.ch\/it\/wp-json\/wp\/v2\/pages\/2841\/revisions"}],"wp:attachment":[{"href":"https:\/\/www.vocazone.ch\/it\/wp-json\/wp\/v2\/media?parent=2841"}],"curies":[{"name":"wp","href":"https:\/\/api.w.org\/{rel}","templated":true}]}}